{"id":5897,"date":"2021-05-01T23:11:57","date_gmt":"2021-05-01T21:11:57","guid":{"rendered":"https:\/\/de.ambaguinee.org\/?page_id=5897"},"modified":"2024-03-03T20:04:47","modified_gmt":"2024-03-03T19:04:47","slug":"missions","status":"publish","type":"page","link":"https:\/\/de.ambaguinee.org\/?page_id=5897","title":{"rendered":"La Mission"},"content":{"rendered":"\n<figure class=\"wp-block-image size-large\"><img loading=\"lazy\" decoding=\"async\" width=\"942\" height=\"598\" src=\"https:\/\/de.ambaguinee.org\/wp-content\/uploads\/2024\/02\/Screenshot-2024-02-10-at-20.30.18.png\" alt=\"\" class=\"wp-image-62119\" srcset=\"https:\/\/de.ambaguinee.org\/wp-content\/uploads\/2024\/02\/Screenshot-2024-02-10-at-20.30.18.png 942w, https:\/\/de.ambaguinee.org\/wp-content\/uploads\/2024\/02\/Screenshot-2024-02-10-at-20.30.18-300x190.png 300w, https:\/\/de.ambaguinee.org\/wp-content\/uploads\/2024\/02\/Screenshot-2024-02-10-at-20.30.18-768x488.png 768w\" sizes=\"(max-width: 942px) 100vw, 942px\" \/><\/figure>\n\n\n\n<p>Chers Compatriotes et Amis de la Guin\u00e9e,<\/p>\n\n\n\n<p>L&#8217;Ambassade de Guin\u00e9e est le principal point de contact entre la R\u00e9publique de Guin\u00e9e et notre pays h\u00f4te l&#8217;Allemagne,  ainsi que les 11 autres pays Scandinaves et des pays Baltes de notre juridiction. Notre mission est de promouvoir et de renforcer les relations diplomatiques, \u00e9conomiques, culturelles et sociales entre la Guin\u00e9e et ces 12 pays.<\/p>\n\n\n\n<p>En tant que repr\u00e9sentants de la R\u00e9publique de Guin\u00e9e, notre objectif est de faciliter les \u00e9changes entre nos deux nations, de promouvoir les int\u00e9r\u00eats et les valeurs de la Guin\u00e9e \u00e0 l&#8217;\u00e9tranger, et de fournir un soutien aux ressortissants guin\u00e9ens vivant ou voyageant dans le nos diff\u00e9rents pays h\u00f4tes.<\/p>\n\n\n\n<p>Nos services comprennent l&#8217;assistance consulaire aux ressortissants guin\u00e9ens, la promotion des investissements et du commerce bilat\u00e9ral, la coop\u00e9ration dans les domaines de l&#8217;\u00e9ducation, de la culture et de la sant\u00e9, ainsi que la facilitation des \u00e9changes entre les institutions gouvernementales, les entreprises et la soci\u00e9t\u00e9 civile des deux pays.<\/p>\n\n\n\n<p>Nous nous engageons \u00e0 servir les int\u00e9r\u00eats de la R\u00e9publique de Guin\u00e9e et de ses citoyens avec professionnalisme, int\u00e9grit\u00e9 et d\u00e9vouement. Nous sommes \u00e9galement d\u00e9termin\u00e9s \u00e0 promouvoir la paix, la coop\u00e9ration et le d\u00e9veloppement durable dans la r\u00e9gion et au-del\u00e0.<\/p>\n\n\n\n<p>Nous vous invitons \u00e0 explorer notre site pour en savoir plus sur nos services, nos activit\u00e9s et les opportunit\u00e9s de collaboration entre la Guin\u00e9e et le pays h\u00f4te. N&#8217;h\u00e9sitez pas \u00e0 nous contacter pour toute question ou assistance dont vous pourriez avoir besoin.<\/p>\n\n\n\n<p>L&#8217;Ambassade de la R\u00e9publique de Guin\u00e9e vous remercie de votre visite et vous assure de son engagement \u00e0 renforcer les liens d&#8217;amiti\u00e9 et de coop\u00e9ration entre nos deux nations.<\/p>\n","protected":false},"excerpt":{"rendered":"<p>Chers Compatriotes et Amis de la Guin\u00e9e, L&#8217;Ambassade de Guin\u00e9e est le principal point de contact entre la R\u00e9publique de Guin\u00e9e et notre pays h\u00f4te l&#8217;Allemagne, ainsi que les 11 autres pays Scandinaves et des pays Baltes de notre juridiction. Notre mission est de promouvoir et de renforcer les relations diplomatiques, \u00e9conomiques, culturelles et sociales &hellip;<\/p>\n","protected":false},"author":1,"featured_media":0,"parent":0,"menu_order":0,"comment_status":"closed","ping_status":"closed","template":"","meta":{"footnotes":""},"_links":{"self":[{"href":"https:\/\/de.ambaguinee.org\/index.php?rest_route=\/wp\/v2\/pages\/5897"}],"collection":[{"href":"https:\/\/de.ambaguinee.org\/index.php?rest_route=\/wp\/v2\/pages"}],"about":[{"href":"https:\/\/de.ambaguinee.org\/index.php?rest_route=\/wp\/v2\/types\/page"}],"author":[{"embeddable":true,"href":"https:\/\/de.ambaguinee.org\/index.php?rest_route=\/wp\/v2\/users\/1"}],"replies":[{"embeddable":true,"href":"https:\/\/de.ambaguinee.org\/index.php?rest_route=%2Fwp%2Fv2%2Fcomments&post=5897"}],"version-history":[{"count":8,"href":"https:\/\/de.ambaguinee.org\/index.php?rest_route=\/wp\/v2\/pages\/5897\/revisions"}],"predecessor-version":[{"id":63386,"href":"https:\/\/de.ambaguinee.org\/index.php?rest_route=\/wp\/v2\/pages\/5897\/revisions\/63386"}],"wp:attachment":[{"href":"https:\/\/de.ambaguinee.org\/index.php?rest_route=%2Fwp%2Fv2%2Fmedia&parent=5897"}],"curies":[{"name":"wp","href":"https:\/\/api.w.org\/{rel}","templated":true}]}}