{"id":6322,"date":"2021-05-03T00:21:41","date_gmt":"2021-05-02T22:21:41","guid":{"rendered":"https:\/\/de.ambaguinee.org\/?page_id=6322"},"modified":"2024-03-03T20:49:10","modified_gmt":"2024-03-03T19:49:10","slug":"mes-demarches","status":"publish","type":"page","link":"https:\/\/de.ambaguinee.org\/?page_id=6322","title":{"rendered":"Mes d\u00e9marches en Allemagne"},"content":{"rendered":"\t\t<div data-elementor-type=\"wp-page\" data-elementor-id=\"6322\" class=\"elementor elementor-6322\" data-elementor-settings=\"[]\">\n\t\t\t\t\t\t\t<div class=\"elementor-section-wrap\">\n\t\t\t\t\t\t\t<section class=\"elementor-section elementor-top-section elementor-element elementor-element-65380784 elementor-section-boxed elementor-section-height-default elementor-section-height-default\" data-id=\"65380784\" data-element_type=\"section\">\n\t\t\t\t\t\t<div class=\"elementor-container elementor-column-gap-default\">\n\t\t\t\t\t<div class=\"elementor-column elementor-col-100 elementor-top-column elementor-element elementor-element-b5434ca\" data-id=\"b5434ca\" data-element_type=\"column\">\n\t\t\t<div class=\"elementor-widget-wrap elementor-element-populated\">\n\t\t\t\t\t\t\t\t<div class=\"elementor-element elementor-element-224e499 elementor-tabs-view-horizontal elementor-widget elementor-widget-tabs\" data-id=\"224e499\" data-element_type=\"widget\" data-widget_type=\"tabs.default\">\n\t\t\t\t<div class=\"elementor-widget-container\">\n\t\t\t\t\t<div class=\"elementor-tabs\">\n\t\t\t<div class=\"elementor-tabs-wrapper\" role=\"tablist\" >\n\t\t\t\t\t\t\t\t\t<div id=\"elementor-tab-title-3591\" class=\"elementor-tab-title elementor-tab-desktop-title\" aria-selected=\"true\" data-tab=\"1\" role=\"tab\" tabindex=\"0\" aria-controls=\"elementor-tab-content-3591\" aria-expanded=\"false\">Bourses<\/div>\n\t\t\t\t\t\t\t\t\t<div id=\"elementor-tab-title-3592\" class=\"elementor-tab-title elementor-tab-desktop-title\" aria-selected=\"false\" data-tab=\"2\" role=\"tab\" tabindex=\"-1\" aria-controls=\"elementor-tab-content-3592\" aria-expanded=\"false\">Visa d\u2019\u00e9tudes au Canada<\/div>\n\t\t\t\t\t\t\t\t\t<div id=\"elementor-tab-title-3593\" class=\"elementor-tab-title elementor-tab-desktop-title\" aria-selected=\"false\" data-tab=\"3\" role=\"tab\" tabindex=\"-1\" aria-controls=\"elementor-tab-content-3593\" aria-expanded=\"false\">L\u00e9galisation des documents scientifiques<\/div>\n\t\t\t\t\t\t\t<\/div>\n\t\t\t<div class=\"elementor-tabs-content-wrapper\" role=\"tablist\" aria-orientation=\"vertical\">\n\t\t\t\t\t\t\t\t\t<div class=\"elementor-tab-title elementor-tab-mobile-title\" aria-selected=\"true\" data-tab=\"1\" role=\"tab\" tabindex=\"0\" aria-controls=\"elementor-tab-content-3591\" aria-expanded=\"false\">Bourses<\/div>\n\t\t\t\t\t<div id=\"elementor-tab-content-3591\" class=\"elementor-tab-content elementor-clearfix\" data-tab=\"1\" role=\"tabpanel\" aria-labelledby=\"elementor-tab-title-3591\" tabindex=\"0\" hidden=\"false\"><h2>BOURSES DE LA FRANCOPHONIE<\/h2>\n<p>Les bourses de la Francophonie sont offertes par le gouvernement F\u00e9d\u00e9ral canadien aux \u00e9tudiants des pays membres de l\u2019Organisation Internationale de la Francophonie (OIF). G\u00e9r\u00e9es par l\u2019Agence Canadienne de D\u00e9veloppement Internationale (ACDI) elles sont de l\u2019ordre de dix (10) par an pour chaque pays admissible.<\/p>\n<h2>Crit\u00e8res de s\u00e9lection<\/h2>\n<p>Les candidats sont pr\u00e9s\u00e9lectionn\u00e9s dans leurs pays par un comit\u00e9 local regroupant des repr\u00e9sentants des divers minist\u00e8res et un observateur canadien l\u2019excellence est le principal crit\u00e8re de choix d\u00e9cisif d\u2019un candidat. Toutefois les crit\u00e8res identifi\u00e9s par le pays, la parit\u00e9 homme\/femme, la ma\u00eetrise du fran\u00e7ais parl\u00e9 et \u00e9crit demeurent des conditions essentielles d\u2019admission. Le Comit\u00e9 de s\u00e9lection au Canada a la responsabilit\u00e9 de faire la s\u00e9lection finale.<\/p>\n<h2>Dur\u00e9e de la bourse<\/h2>\n<p>La bourse est accord\u00e9e pour une ann\u00e9e et peut \u00eatre renouvel\u00e9e annuellement pendant la p\u00e9riode correspondant \u00e0 la dur\u00e9e normale des \u00e9tudes.<\/p>\n<p>Au coll\u00e9gial\u00a0\u00a0\u00a0\u00a0 : 1 \u00e0 2 ans<\/p>\n<p>A l\u2019universit\u00e9\u00a0 : 3 \u00e0 5 ans<\/p>\n<p>A la Ma\u00eetrise\u00a0\u00a0 : 2 ans<\/p>\n<p>Au Doctorat\u00a0\u00a0\u00a0 : 42 mois<\/p>\n<p>Le renouvellement de bourse est li\u00e9 aux r\u00e9sultats du boursier. La bourse n\u2019est accord\u00e9e que pour un seul programme de formation ou cycles d\u2019\u00e9tudes, ce qui exclut tout passage d\u2019un programme ou un cycle \u00e0 un autre.<\/p>\n<p><em>Avantages <\/em>:<\/p>\n<p>Chaque bourse comprend :<\/p>\n<p>le transport au Canada et le retour au point de d\u00e9part les droits de scolarit\u00e9 et les autres frais exig\u00e9s par l\u2019\u00e9tablissement une indemnit\u00e9 d\u2019installation au Canada une allocation mensuelle de subsistance une allocation pour l\u2019achat des livres<\/p>\n<p>une allocation pour du mat\u00e9riel \u00e0 des fins de recherche une assistance sant\u00e9.<\/p>\n<p>La bourse ne couvre pas les frais relatifs aux familles.<\/p>\n<h2>Pour de plus amples renseignements: <u>Bourses de la francophonie<\/u><\/h2>\n<p>LES BOURSES D\u2019EXEMPTION DU QU\u00c9BEC<\/p>\n<p>Les bourses d\u2019exemption sont offertes par le gouvernement du Qu\u00e9bec au gouvernement guin\u00e9en dans le cadre du renforcement de la coop\u00e9ration entre les deux pays.<\/p>\n<p>Ces bourses sont en fait des exemptions qui dispensent les \u00e9tudiants b\u00e9n\u00e9ficiaires du paiement des droits scolaires suppl\u00e9mentaires exig\u00e9s des \u00e9tudiants \u00e9trangers.<\/p>\n<p>Les boursiers devront s\u2019acquitter des m\u00eames droits d\u2019inscription pay\u00e9s par les \u00e9tudiants qu\u00e9b\u00e9cois.<\/p>\n<p>Actuellement le nombre de bourses accord\u00e9 \u00e0 la Guin\u00e9e est de 30 qui ne sont pas renouvel\u00e9es annuellement.<\/p>\n<p>Lorsque toutes les bourses ont \u00e9t\u00e9 attribu\u00e9es et que l\u2019une d\u2019elles redevient disponible au terme du programme d\u2019\u00e9tude du boursier ou autrement, elle peut \u00eatre attribu\u00e9e de nouveau.<\/p>\n<p>Chacune des bourses d\u2019exemption est accord\u00e9e pour une formation \u00e0 temps plein d\u2019une dur\u00e9e maximale de : trois (3) ou quatre (4) ans pour des \u00e9tudes universitaires de 1er cycle (baccalaur\u00e9at) \u00e0 raison de 30 unit\u00e9s par ann\u00e9e.<\/p>\n<p>Deux (2) ans pour des \u00e9tudes universitaires de 2e cycle (Ma\u00eetrise).<\/p>\n<p>Trois (3) ans pour des \u00e9tudes universitaires de 3e cycle (Ph.D. ou Doctorat).<\/p>\n<p>Un \u00e9tudiant guin\u00e9en ne peut b\u00e9n\u00e9ficier plus d\u2019une fois d\u2019une exemption des droits de scolarit\u00e9 suppl\u00e9mentaires \u00e0 moins d\u2019un passage \u00e0 un cycle sup\u00e9rieur.<\/p>\n<p>Une bourse d\u2019exemption ne peut \u00eatre attribu\u00e9e \u00e0 un \u00e9tudiant parrain\u00e9 par une organisation canadienne ou une organisation internationale qui n\u2019a pas conclu d\u2019entente \u00e0 ce sujet avec le Qu\u00e9bec.<\/p>\n<h2>Conditions d\u2019obtention du visa \u00e9tudiant<\/h2>\n<p>Pour obtenir un visa \u00e9tudiant aupr\u00e8s de l\u2019Ambassade du Canada dans le pays d\u2019accueil, le dossier du demandeur devra comporter :<\/p>\n<ul style=\"list-style: inside;\">\n<li>Admission dans une Universit\u00e9<\/li>\n<li>Le paiement des frais de scolarit\u00e9 pour une ann\u00e9e. Ces frais s\u2019\u00e9l\u00e8vent \u00e0 environ 10.500 dollars canadiens et varient d\u2019une Universit\u00e9 \u00e0 une autre.<\/li>\n<li>Le Certificat d\u2019Acceptation au Qu\u00e9bec (CAQ).<\/li>\n<\/ul>\n<p>Recommandations<\/p>\n<p>Les \u00e9tudiants qui arrivent au Canada doivent en plus des frais scolaires les d\u00e9penses pour la nourriture, l\u2019h\u00e9bergement, l\u2019assurance maladie et les v\u00eatements d\u2019Hiver, soit une somme totale de 20.000 \u00e0 25.000 dollars canadiens.<\/p>\n<p>Les dossiers d\u2019inscription sont disponibles sur les sites internet des diff\u00e9rentes Universit\u00e9s canadiennes.<\/p>\n<p>Les droits de scolarit\u00e9 et les conditions d\u2019inscription varient d\u2019une province \u00e0 une autre.<\/p>\n<p>Les boursiers guin\u00e9ens b\u00e9n\u00e9ficient de l\u2019exemption se regroupant dans les \u00c9tablissements ci-apr\u00e8s :<\/p>\n<ul style=\"list-style: inside;\">\n<li>Universit\u00e9 d \u2018Ottawa : <u>uottawa.ca<\/u><\/li>\n<li>Universit\u00e9 du Qu\u00e9bec en Outaouais (UQO) : <u>uqo.ca<\/u><\/li>\n<li>Universit\u00e9 du Qu\u00e9bec \u00e0 Montr\u00e9al (UQAM) : <u>uqam.ca<\/u><\/li>\n<li>Universit\u00e9 Laval \u00e0 Qu\u00e9bec : <u>ulaval.ca<\/u><\/li>\n<li>Universit\u00e9 de Sherbrooke : <u>usherbrooke.ca<\/u><\/li>\n<li>Universit\u00e9 du Qu\u00e9bec \u00e0 Trois-Rivi\u00e8res : <u>uqtr.ca<\/u><\/li>\n<li>Universit\u00e9 de Montr\u00e9al : <u>umontreal.ca<\/u><\/li>\n<li>\u00c9cole Polytechnique de Montr\u00e9al : <u>polymtl.ca<\/u><\/li>\n<li>Universit\u00e9 du Qu\u00e9bec \u00e0 Chicoutimi : <u>uquebec.ca<\/u><\/li>\n<li>Universit\u00e9 McGill : <u>mcgill.ca<\/u><\/li>\n<\/ul><\/div>\n\t\t\t\t\t\t\t\t\t<div class=\"elementor-tab-title elementor-tab-mobile-title\" aria-selected=\"false\" data-tab=\"2\" role=\"tab\" tabindex=\"-1\" aria-controls=\"elementor-tab-content-3592\" aria-expanded=\"false\">Visa d\u2019\u00e9tudes au Canada<\/div>\n\t\t\t\t\t<div id=\"elementor-tab-content-3592\" class=\"elementor-tab-content elementor-clearfix\" data-tab=\"2\" role=\"tabpanel\" aria-labelledby=\"elementor-tab-title-3592\" tabindex=\"0\" hidden=\"hidden\"><p>Conditions d\u2019obtention du visa \u00e9tudiant<\/p>\n<p>Pour obtenir un visa \u00e9tudiant aupr\u00e8s de l\u2019Ambassade du Canada dans le pays d\u2019accueil, le dossier du demandeur devra comporter :<\/p>\n<ul style=\"list-style: inside;\">\n<li>l\u2019Admission dans une Universit\u00e9<\/li>\n<li>le paiement des frais de scolarit\u00e9 pour une ann\u00e9e. Ces frais s\u2019\u00e9l\u00e8vent \u00e0 environ 10.500 dollars canadiens et varient d\u2019une Universit\u00e9 \u00e0 une autre.<\/li>\n<li>Le Certificat d\u2019Acceptation au Qu\u00e9bec (CAQ).<\/li>\n<\/ul>\n<p>Recommandations<\/p>\n<p>Les \u00e9tudiants qui arrivent au Canada doivent en plus des frais scolaires les d\u00e9penses pour la nourriture, l\u2019h\u00e9bergement, l\u2019assurance maladie et les v\u00eatements d\u2019Hiver, soit une somme totale de 20.000 \u00e0 25.000 dollars canadiens.<\/p>\n<p>les dossiers d\u2019inscription sont disponibles sur les sites internet des diff\u00e9rentes Universit\u00e9s canadiennes.<\/p>\n<p>Les droits de scolarit\u00e9 et les conditions d\u2019inscription varient d\u2019une province \u00e0 une autre.<\/p>\n<p>Les boursiers guin\u00e9ens b\u00e9n\u00e9ficiant de l\u2019exemption fr\u00e9quentent g\u00e9n\u00e9ralement les \u00e9tablissements ci-apr\u00e8s :<\/p>\n<ul style=\"list-style: inside;\">\n<li><em>Universit\u00e9 d \u2018Ottawa :<\/em> <a href=\"http:\/\/www.uottawa.ca\/\"><em>uottawa.ca<\/em><\/a><\/li>\n<li><em>Universit\u00e9 du Qu\u00e9bec en Outaouais (UQO) :<\/em> <a href=\"http:\/\/www.uqo.ca\/\"><em>uqo.ca<\/em><\/a><\/li>\n<li><em>Universit\u00e9 du Qu\u00e9bec \u00e0 Montr\u00e9al (UQAM) :<\/em> <a href=\"http:\/\/www.uqam.ca\/\"><em>uqam.ca<\/em><\/a><\/li>\n<li><em>Universit\u00e9 Laval \u00e0 Qu\u00e9bec :<\/em> <a href=\"http:\/\/www.ulaval.ca\/\"><em>ulaval.ca<\/em><\/a><\/li>\n<li><em>Universit\u00e9 de Sherbrooke :<\/em> <a href=\"http:\/\/www.usherbrooke.ca\/\"><em>usherbrooke.ca<\/em><\/a><\/li>\n<li><em>Universit\u00e9 du Qu\u00e9bec \u00e0 Trois-Rivi\u00e8res :<\/em> <a href=\"http:\/\/www.uqtr.ca\/\"><em>uqtr.ca<\/em><\/a><\/li>\n<li><em>Universit\u00e9 de Montr\u00e9al :<\/em> <a href=\"http:\/\/www.umontreal.ca\/\"><em>umontreal.ca<\/em><\/a><\/li>\n<li><em>Ecole Polytechnique de Montr\u00e9al :<\/em> <a href=\"http:\/\/www.polymtl.ca\/\"><em>polymtl.ca<\/em><\/a><\/li>\n<li><em>Universit\u00e9 du Qu\u00e9bec \u00e0 Chicoutimi :<\/em> <a href=\"http:\/\/www.uquebec.ca\/\"><em>uquebec.ca<\/em><\/a><\/li>\n<li><em>Universit\u00e9 McGill :<\/em> <a href=\"http:\/\/www.mcgill.ca\/\"><em>mcgill.ca<\/em><\/a><\/li>\n<\/ul>\n<p>Pour des informations toujours actuelles concernant la proc\u00e9dure et les exigences d\u2019obtention de visa d\u2019\u00e9tudes, consultez la page officielle de<\/p>\n<p>Citoyennet\u00e9 &amp; Immigration<\/p>\n<p>Canada: <a href=\"http:\/\/www.cic.gc.ca\/francais\/information\/demandes\/etudiant.asp\">http:\/\/www.cic.gc.ca\/francais\/etudier\/index.asp<\/a><\/p><\/div>\n\t\t\t\t\t\t\t\t\t<div class=\"elementor-tab-title elementor-tab-mobile-title\" aria-selected=\"false\" data-tab=\"3\" role=\"tab\" tabindex=\"-1\" aria-controls=\"elementor-tab-content-3593\" aria-expanded=\"false\">L\u00e9galisation des documents scientifiques<\/div>\n\t\t\t\t\t<div id=\"elementor-tab-content-3593\" class=\"elementor-tab-content elementor-clearfix\" data-tab=\"3\" role=\"tabpanel\" aria-labelledby=\"elementor-tab-title-3593\" tabindex=\"0\" hidden=\"hidden\"><p><em>Condition de l\u00e9galisation des documents scientifiques <\/em><em><u>Pi\u00e8ces \u00e0 fournir:<\/u><\/em><\/p>\n<ol>\n<li>La demande pour l\u00e9galisation adress\u00e9e \u00e0 Monsieur l\u2019Ambassadeur;<\/li>\n<li>L\u2019original ou la copie certifi\u00e9e dudit document (Tous les jugements suppl\u00e9tifs doivent \u00eatre transcrits); 3. La copie de la carte consulaire<\/li>\n<\/ol>\n<p>Les frais sont de 25$ CAD par copie de dipl\u00f4me et 5$ pour chaque copie de relev\u00e9 de note payables exclusivement par mandat-poste ou par ch\u00e8que certifi\u00e9 \u00e0 l\u2019ordre de l\u2019Ambassade de Guin\u00e9e.<\/p>\n<p>Pour ceux qui font parvenir leur document par courrier, veuillez incorporer une enveloppe retour pr\u00e9adress\u00e9e, pr\u00e9affranchie et l\u2019envoyer \u00e0 l\u2019adresse suivante (cliquez sur ce lien)<\/p>\n<p><a href=\"http:\/\/ambaguinee-ca.com\/ambassade\/contactez-nous\/\">http:\/\/ambaguinee-ca.com\/ambassade\/contactez-nous\/<\/a><\/p>\n<p>Par ailleurs, l\u2019Ambassade d\u00e9cline toute responsabilit\u00e9 quant \u00e0 la perte \u00e9ventuelle d\u2019un document exp\u00e9di\u00e9 par la poste.<\/p>\n<p>L\u2019Ambassade se r\u00e9serve un d\u00e9lai de 72 heures pour le traitement de toute demande.<\/p><\/div>\n\t\t\t\t\t\t\t<\/div>\n\t\t<\/div>\n\t\t\t\t<\/div>\n\t\t\t\t<\/div>\n\t\t\t\t\t<\/div>\n\t\t<\/div>\n\t\t\t\t\t\t\t<\/div>\n\t\t<\/section>\n\t\t\t\t\t\t<\/div>\n\t\t\t\t\t<\/div>\n\t\t","protected":false},"excerpt":{"rendered":"<p>L\u2019expatriation en Allemagne&nbsp;requiert un certain nombre de&nbsp;d\u00e9marches administratives&nbsp;qu\u2019il n\u2019est pas toujours facile d\u2019imaginer depuis la France. Bien que l\u2019Union Europ\u00e9enne facilite quelque peu certaines \u00e9tapes pour les Fran\u00e7ais, certaines d\u2019entre elles restent n\u00e9anmoins&nbsp;obligatoires. Quelles&nbsp;d\u00e9marches effectuer \u00e0 votre arriv\u00e9e&nbsp;sur le territoire allemand ?1. La d\u00e9claration d\u2019arriv\u00e9e en Allemagne (Anmeldung)2. L\u2019ouverture d\u2019un compte bancaire en Allemagne3. L\u2019\u00c9tat-civil &hellip;<\/p>\n","protected":false},"author":1,"featured_media":0,"parent":0,"menu_order":0,"comment_status":"closed","ping_status":"closed","template":"","meta":{"footnotes":""},"_links":{"self":[{"href":"https:\/\/de.ambaguinee.org\/index.php?rest_route=\/wp\/v2\/pages\/6322"}],"collection":[{"href":"https:\/\/de.ambaguinee.org\/index.php?rest_route=\/wp\/v2\/pages"}],"about":[{"href":"https:\/\/de.ambaguinee.org\/index.php?rest_route=\/wp\/v2\/types\/page"}],"author":[{"embeddable":true,"href":"https:\/\/de.ambaguinee.org\/index.php?rest_route=\/wp\/v2\/users\/1"}],"replies":[{"embeddable":true,"href":"https:\/\/de.ambaguinee.org\/index.php?rest_route=%2Fwp%2Fv2%2Fcomments&post=6322"}],"version-history":[{"count":17,"href":"https:\/\/de.ambaguinee.org\/index.php?rest_route=\/wp\/v2\/pages\/6322\/revisions"}],"predecessor-version":[{"id":63392,"href":"https:\/\/de.ambaguinee.org\/index.php?rest_route=\/wp\/v2\/pages\/6322\/revisions\/63392"}],"wp:attachment":[{"href":"https:\/\/de.ambaguinee.org\/index.php?rest_route=%2Fwp%2Fv2%2Fmedia&parent=6322"}],"curies":[{"name":"wp","href":"https:\/\/api.w.org\/{rel}","templated":true}]}}